{"id":2,"date":"2017-08-17T09:38:53","date_gmt":"2017-08-17T12:38:53","guid":{"rendered":"https:\/\/jornalista.hertariama.com.br\/?page_id=2"},"modified":"2017-08-17T10:11:06","modified_gmt":"2017-08-17T13:11:06","slug":"quem-sou","status":"publish","type":"page","link":"https:\/\/jornalista.hertariama.com.br\/?page_id=2","title":{"rendered":"Quem sou"},"content":{"rendered":"<p>Jornalista apaixonada por contar boas hist\u00f3rias e pela busca da verdade dos fatos. Posso dizer que percorri a maioria dos caminhos ligados ao jornalismo, por\u00e9m a maior parte da minha vida profissional est\u00e1 ligada a r\u00e1dio e TV. O maior desafio \u00e9 n\u00e3o perder a sensibilidade ao se colocar no lugar do outro para contar a hist\u00f3ria dele e ter zelo pela informa\u00e7\u00e3o repassada sempre. E  aprender a lidar com a \u00e9tica de que para todo fato sempre existe mais de uma vers\u00e3o. Ter a sabedoria e percep\u00e7\u00e3o para ler nas entrelinhas o que n\u00e3o \u00e9 dito nas palavras e transformar em hist\u00f3ria \u00e9 a chave do segredo para n\u00e3o ser enganado pelo cruel mundo de interesses que envolve a informa\u00e7\u00e3o.<\/p>\n","protected":false},"excerpt":{"rendered":"<p>ornalista apaixonada por contar boas hist\u00f3rias e pela busca da verdade dos fatos Posso dizer que percorri a maioria dos caminhos ligados ao jornalismo, por\u00e9m a maior parte da minha vida profissional est\u00e1 ligada a r\u00e1dio e TV<\/p>\n","protected":false},"author":1,"featured_media":18,"parent":0,"menu_order":0,"comment_status":"closed","ping_status":"open","template":"","meta":{"_acf_changed":false,"footnotes":""},"class_list":["post-2","page","type-page","status-publish","has-post-thumbnail","hentry"],"acf":[],"aioseo_notices":[],"_links":{"self":[{"href":"https:\/\/jornalista.hertariama.com.br\/index.php?rest_route=\/wp\/v2\/pages\/2","targetHints":{"allow":["GET"]}}],"collection":[{"href":"https:\/\/jornalista.hertariama.com.br\/index.php?rest_route=\/wp\/v2\/pages"}],"about":[{"href":"https:\/\/jornalista.hertariama.com.br\/index.php?rest_route=\/wp\/v2\/types\/page"}],"author":[{"embeddable":true,"href":"https:\/\/jornalista.hertariama.com.br\/index.php?rest_route=\/wp\/v2\/users\/1"}],"replies":[{"embeddable":true,"href":"https:\/\/jornalista.hertariama.com.br\/index.php?rest_route=%2Fwp%2Fv2%2Fcomments&post=2"}],"version-history":[{"count":3,"href":"https:\/\/jornalista.hertariama.com.br\/index.php?rest_route=\/wp\/v2\/pages\/2\/revisions"}],"predecessor-version":[{"id":17,"href":"https:\/\/jornalista.hertariama.com.br\/index.php?rest_route=\/wp\/v2\/pages\/2\/revisions\/17"}],"wp:featuredmedia":[{"embeddable":true,"href":"https:\/\/jornalista.hertariama.com.br\/index.php?rest_route=\/wp\/v2\/media\/18"}],"wp:attachment":[{"href":"https:\/\/jornalista.hertariama.com.br\/index.php?rest_route=%2Fwp%2Fv2%2Fmedia&parent=2"}],"curies":[{"name":"wp","href":"https:\/\/api.w.org\/{rel}","templated":true}]}}